{"id":44287,"date":"2021-12-02T13:56:35","date_gmt":"2021-12-02T16:56:35","guid":{"rendered":"https:\/\/buscacp.com\/ar\/?page_id=44287"},"modified":"2023-06-07T15:28:34","modified_gmt":"2023-06-07T18:28:34","slug":"codigos-postales-de-argentina-buscador-de-codigos-postales","status":"publish","type":"page","link":"https:\/\/buscacp.com\/ar\/","title":{"rendered":"C\u00f3digos postales de Argentina | Buscador de C\u00f3digos Postales"},"content":{"rendered":"<div class=\"txtBigXl\">\n<p style=\"text-align: center;\"><span class=\"azul\"><strong>Encuentra todos los c\u00f3digos postales de Argentina.<\/strong><\/span><\/p>\n<\/div>\n<div class=\"txtBig\">\n<p style=\"text-align: center;\">Utiliza el buscador para encontrar c\u00f3digos por provincia, departamento o localidad.<\/p>\n<\/div>\n<div class=\"text-center\">\n<h2>Encuentra C\u00f3digos Postales por Provincia<\/h2>\n<\/div>\n","protected":false},"excerpt":{"rendered":"<p>Encuentra todos los c\u00f3digos postales de Argentina. Utiliza el buscador para encontrar c\u00f3digos por provincia, departamento o localidad. Encuentra C\u00f3digos Postales por Provincia<\/p>\n","protected":false},"author":4,"featured_media":0,"parent":0,"menu_order":0,"comment_status":"closed","ping_status":"closed","template":"portada.php","meta":{"footnotes":""},"_links":{"self":[{"href":"https:\/\/buscacp.com\/ar\/wp-json\/wp\/v2\/pages\/44287"}],"collection":[{"href":"https:\/\/buscacp.com\/ar\/wp-json\/wp\/v2\/pages"}],"about":[{"href":"https:\/\/buscacp.com\/ar\/wp-json\/wp\/v2\/types\/page"}],"author":[{"embeddable":true,"href":"https:\/\/buscacp.com\/ar\/wp-json\/wp\/v2\/users\/4"}],"replies":[{"embeddable":true,"href":"https:\/\/buscacp.com\/ar\/wp-json\/wp\/v2\/comments?post=44287"}],"version-history":[{"count":7,"href":"https:\/\/buscacp.com\/ar\/wp-json\/wp\/v2\/pages\/44287\/revisions"}],"predecessor-version":[{"id":44339,"href":"https:\/\/buscacp.com\/ar\/wp-json\/wp\/v2\/pages\/44287\/revisions\/44339"}],"wp:attachment":[{"href":"https:\/\/buscacp.com\/ar\/wp-json\/wp\/v2\/media?parent=44287"}],"curies":[{"name":"wp","href":"https:\/\/api.w.org\/{rel}","templated":true}]}}